{"id":857,"date":"2022-07-24T13:38:13","date_gmt":"2022-07-24T11:38:13","guid":{"rendered":"http:\/\/archiv-croissant.de\/?page_id=857"},"modified":"2023-01-13T18:54:22","modified_gmt":"2023-01-13T17:54:22","slug":"kuenstlerbesuche","status":"publish","type":"page","link":"https:\/\/archiv-croissant.de\/?page_id=857","title":{"rendered":"Zu Gast im Archiv-Croissant"},"content":{"rendered":"\n<p><\/p>\n\n\n\n<p>Zu Gast im Archiv-Croissant_ K\u00fcnstler\/Innenportraits<\/p>\n\n\n\n<p>Der Aufbau des Archivs zu Ehren der K\u00fcnstlerfamilie Croissant befindet sich in vollem Gange.<\/p>\n\n\n\n<p>Im Mai 2022 haben wir die ehemaligen Ateliers und Werkr\u00e4ume der K\u00fcnstlerfamilie in 76829 Landau, Fortstr. 10, Hinterhaus feierlich eingeweiht. Die erste analoge Gem\u00e4ldeausstellung aus dem bisher gewonnenen Fundus wurde mittels Leihgaben realisiert und zeigte Werke von August, Hermann und Eugen Croissant.<\/p>\n\n\n\n<p>Aufbauend darauf laden wir nun G\u00e4ste ins historische Ambiente des Archivs und planen f\u00fcr 2023 eine Reihe mit K\u00fcnstlerportraits aus Vergangenheit und Gegenwart aus den Bereichen Malerei, Bildhauerei, Fotografie, Videokunst, Literatur, Musik und Tanz.<\/p>\n\n\n\n<p>Live Auftritte und Vorstellungen in den R\u00e4umlichkeiten des Archivs sowie live \u00fcbertragene Atelierbesuche wird es geben, auch Dokumentarfilme und Diashows von bereits verstorbenen K\u00fcnstlern.&nbsp;<\/p>\n","protected":false},"excerpt":{"rendered":"<p class=\"excerpt\">Zu Gast im Archiv-Croissant_ K\u00fcnstler\/Innenportraits Der Aufbau des Archivs zu Ehren der K\u00fcnstlerfamilie Croissant befindet sich in vollem Gange. Im Mai 2022 haben wir die ehemaligen Ateliers und Werkr\u00e4ume der K\u00fcnstlerfamilie in 76829 Landau, Fortstr. 10, Hinterhaus feierlich eingeweiht. Die erste analoge Gem\u00e4ldeausstellung aus dem bisher gewonnenen Fundus wurde mittels Leihgaben realisiert und zeigte Werke von August, Hermann und Eugen&hellip;<\/p>\n<p class=\"more-link-p\"><a class=\"btn btn-default\" href=\"https:\/\/archiv-croissant.de\/?page_id=857\">Read more<\/a><\/p>\n","protected":false},"author":1,"featured_media":0,"parent":0,"menu_order":2,"comment_status":"closed","ping_status":"closed","template":"","meta":[],"_links":{"self":[{"href":"https:\/\/archiv-croissant.de\/index.php?rest_route=\/wp\/v2\/pages\/857"}],"collection":[{"href":"https:\/\/archiv-croissant.de\/index.php?rest_route=\/wp\/v2\/pages"}],"about":[{"href":"https:\/\/archiv-croissant.de\/index.php?rest_route=\/wp\/v2\/types\/page"}],"author":[{"embeddable":true,"href":"https:\/\/archiv-croissant.de\/index.php?rest_route=\/wp\/v2\/users\/1"}],"replies":[{"embeddable":true,"href":"https:\/\/archiv-croissant.de\/index.php?rest_route=%2Fwp%2Fv2%2Fcomments&post=857"}],"version-history":[{"count":5,"href":"https:\/\/archiv-croissant.de\/index.php?rest_route=\/wp\/v2\/pages\/857\/revisions"}],"predecessor-version":[{"id":877,"href":"https:\/\/archiv-croissant.de\/index.php?rest_route=\/wp\/v2\/pages\/857\/revisions\/877"}],"wp:attachment":[{"href":"https:\/\/archiv-croissant.de\/index.php?rest_route=%2Fwp%2Fv2%2Fmedia&parent=857"}],"curies":[{"name":"wp","href":"https:\/\/api.w.org\/{rel}","templated":true}]}}